{"id":2819,"date":"2021-01-27T14:14:47","date_gmt":"2021-01-27T12:14:47","guid":{"rendered":"https:\/\/osaava.fi\/?page_id=2819"},"modified":"2022-02-21T16:40:16","modified_gmt":"2022-02-21T14:40:16","slug":"use-cases","status":"publish","type":"page","link":"https:\/\/osaava.fi\/en\/use-cases\/","title":{"rendered":"Use cases"},"content":{"rendered":"\n  <div class=\"banner has-hover\" id=\"banner-1854538689\">\n          <div class=\"banner-inner fill\">\n        <div class=\"banner-bg fill\" >\n            <img loading=\"lazy\" decoding=\"async\" width=\"1000\" height=\"667\" src=\"https:\/\/osaava.fi\/wp-content\/uploads\/2021\/02\/Osaava_Kypara.jpg\" class=\"bg attachment-original size-original\" alt=\"\" \/>                        <div class=\"overlay\"><\/div>            \n                    <\/div>\n\t\t\n        <div class=\"banner-layers container\">\n            <div class=\"fill banner-link\"><\/div>            \n   <div id=\"text-box-2025570522\" class=\"text-box banner-layer x50 md-x50 lg-x50 y65 md-y65 lg-y65 res-text\">\n                                <div class=\"text-box-content text dark text-shadow-1\">\n              \n              <div class=\"text-inner text-center\">\n                  \n<h1 class=\"uppercase\"><span style=\"color: #fafafa;\">Use cases<\/span><\/h1>\n              <\/div>\n           <\/div>\n                            \n<style>\n#text-box-2025570522 {\n  width: 100%;\n}\n#text-box-2025570522 .text-box-content {\n  font-size: 100%;\n}\n<\/style>\n    <\/div>\n \n        <\/div>\n      <\/div>\n\n            \n<style>\n#banner-1854538689 {\n  padding-top: 40%;\n}\n#banner-1854538689 .overlay {\n  background-color: rgba(45, 45, 45, 0.5);\n}\n#banner-1854538689 .banner-bg img {\n  object-position: 0% 100%;\n}\n<\/style>\n  <\/div>\n\n\n\t<div id=\"gap-70870111\" class=\"gap-element clearfix\" style=\"display:block; height:auto;\">\n\t\t\n<style>\n#gap-70870111 {\n  padding-top: 60px;\n}\n<\/style>\n\t<\/div>\n\t\n<div class=\"row row-small align-center\"  id=\"row-2060879493\">\n\n\t<div id=\"col-1541811294\" class=\"col small-12 large-12\"  >\n\t\t\t\t<div class=\"col-inner text-left\"  >\n\t\t\t\n\t\t\t\n<h2 style=\"text-align: left;\">Communications platform for demanding environments<\/h2>\n<p style=\"text-align: left;\">Osaava CERC is a multi-channel and versatile platform for safety communications. The functionalities are developed specifically for the requirements of crisis communications, where speed, reliability and coverage are emphasized. Osaava CERC functions combined with the other key systems form a comprehensive set of communication channels.\u00a0<\/p>\n<p style=\"text-align: left;\">The Osaava CERC system speeds up and automates communication in different environments from industries to organizations in public services. Thanks to versatile functionalities and integration possibilities, it can be custom-made even for the most demanding environments.\u00a0<\/p>\n\t\t<\/div>\n\t\t\t\t\n<style>\n#col-1541811294 > .col-inner {\n  max-width: 50em;\n}\n<\/style>\n\t<\/div>\n\n\t\n<\/div>\n\t<div id=\"gap-1599265519\" class=\"gap-element clearfix\" style=\"display:block; height:auto;\">\n\t\t\n<style>\n#gap-1599265519 {\n  padding-top: 60px;\n}\n<\/style>\n\t<\/div>\n\t\n<div class=\"row row-full-width align-middle\"  id=\"row-2041938936\">\n\n\t<div id=\"col-561451875\" class=\"col medium-12 large-6\"  >\n\t\t\t\t<div class=\"col-inner\"  >\n\t\t\t\n\t\t\t\n\t<div class=\"img has-hover x md-x lg-x y md-y lg-y\" id=\"image_723505595\">\n\t\t\t\t\t\t\t\t<div class=\"img-inner image-cover dark\" style=\"padding-top:56.25%;\">\n\t\t\t<img loading=\"lazy\" decoding=\"async\" width=\"1000\" height=\"667\" src=\"https:\/\/osaava.fi\/wp-content\/uploads\/2021\/02\/Tehdasrakennus_1.jpg\" class=\"attachment-original size-original\" alt=\"(kuvituskuva)\" srcset=\"https:\/\/osaava.fi\/wp-content\/uploads\/2021\/02\/Tehdasrakennus_1.jpg 1000w, https:\/\/osaava.fi\/wp-content\/uploads\/2021\/02\/Tehdasrakennus_1-300x200.jpg 300w, https:\/\/osaava.fi\/wp-content\/uploads\/2021\/02\/Tehdasrakennus_1-768x512.jpg 768w\" sizes=\"auto, (max-width: 1000px) 100vw, 1000px\" \/>\t\t\t\t\t\t\n\t\t\t\t\t<\/div>\n\t\t\t\t\t\t\t\t\n<style>\n#image_723505595 {\n  width: 100%;\n}\n<\/style>\n\t<\/div>\n\t\n\t\t<\/div>\n\t\t\t\t\t<\/div>\n\n\t\n\n\t<div id=\"col-1396587135\" class=\"col medium-12 large-6\"  >\n\t\t\t\t<div class=\"col-inner\"  >\n\t\t\t\n\t\t\t\n<h2><span class=\"h2-tagline\">Industries<\/span><br \/>Reach everyone on site<\/h2>\n<p style=\"text-align: left;\">The challenge at industry facilities is communication coverage: people from many different companies work simultaneously in the same area \u2013 even in thousands. Subcontractors, material suppliers and other workers visit the site by varying timetables and randomly. This is a common challenge for e.g. manufacturing industries, energy facilities and telecommunications offices.\u00a0<\/p>\n<p><img loading=\"lazy\" decoding=\"async\" class=\"alignnone wp-image-1240\" src=\"https:\/\/osaava.fi\/wp-content\/uploads\/2020\/12\/Osaava_bullet.png\" alt=\"\" width=\"18\" height=\"13\" \/> manufacturing industry<br \/><img loading=\"lazy\" decoding=\"async\" class=\"alignnone wp-image-1240\" src=\"https:\/\/osaava.fi\/wp-content\/uploads\/2020\/12\/Osaava_bullet.png\" alt=\"\" width=\"18\" height=\"13\" \/> energy facilities<br \/><img loading=\"lazy\" decoding=\"async\" class=\"alignnone wp-image-1240\" src=\"https:\/\/osaava.fi\/wp-content\/uploads\/2020\/12\/Osaava_bullet.png\" alt=\"\" width=\"18\" height=\"13\" \/> telecommunications<\/p>\n<a href=\"https:\/\/osaava.fi\/en\/customer-stories\/\" class=\"button primary hidden\" >\n\t\t<span>Learn more about our customers<\/span>\n\t<\/a>\n\n\t\t<\/div>\n\t\t\t\t\n<style>\n#col-1396587135 > .col-inner {\n  padding: 0px 40px 0px 40px;\n}\n<\/style>\n\t<\/div>\n\n\t\n<\/div>\n<div class=\"row row-full-width align-middle\"  id=\"row-1548353382\">\n\n\t<div id=\"col-1659085555\" class=\"col medium-12 large-6\"  >\n\t\t\t\t<div class=\"col-inner text-right\"  >\n\t\t\t\n\t\t\t\n\t<div id=\"text-3634898728\" class=\"text\">\n\t\t\n<h2><span class=\"h2-tagline\">Public sector<\/span><\/h2>\n<h2>Secure and streamline work<\/h2>\n<p>In public sector, the customer flow is extensive. Work&#8217;s nature and processes set requirements for work safety and efficient communications, when, for example, a risk for threat of violence is present at customer interactions.\u00a0<\/p>\n<p><img loading=\"lazy\" decoding=\"async\" class=\"alignnone wp-image-1240 alignleft\" src=\"https:\/\/osaava.fi\/wp-content\/uploads\/2020\/12\/Osaava_bullet.png\" alt=\"\" width=\"18\" height=\"13\" \/> health care and social care<br \/><img loading=\"lazy\" decoding=\"async\" class=\"alignnone wp-image-1240 alignleft\" src=\"https:\/\/osaava.fi\/wp-content\/uploads\/2020\/12\/Osaava_bullet.png\" alt=\"\" width=\"18\" height=\"13\" \/> rescue and order services<br \/><img loading=\"lazy\" decoding=\"async\" class=\"alignnone wp-image-1240 alignleft\" src=\"https:\/\/osaava.fi\/wp-content\/uploads\/2020\/12\/Osaava_bullet.png\" alt=\"\" width=\"18\" height=\"13\" \/><span style=\"font-size: 14.4px;\">cities and municipalities<\/span><br \/><img loading=\"lazy\" decoding=\"async\" class=\"alignnone wp-image-1240 alignleft\" src=\"https:\/\/osaava.fi\/wp-content\/uploads\/2020\/12\/Osaava_bullet.png\" alt=\"\" width=\"18\" height=\"13\" \/> educational institutions<\/p>\n<h3>\u00a0<\/h3>\n\t\t\n<style>\n#text-3634898728 {\n  text-align: left;\n}\n<\/style>\n\t<\/div>\n\t\n<a href=\"https:\/\/osaava.fi\/en\/customer-stories\/\" class=\"button primary hidden\" >\n\t\t<span>Learn more about our customers<\/span>\n\t<\/a>\n\n<a class=\"button primary hidden\" >\n\t\t<span>Add Any content here<\/span>\n\t<\/a>\n\n\t\t<\/div>\n\t\t\t\t\n<style>\n#col-1659085555 > .col-inner {\n  padding: 0px 40px 0px 40px;\n}\n<\/style>\n\t<\/div>\n\n\t\n\n\t<div id=\"col-1363803413\" class=\"col medium-12 large-6 medium-col-first\"  >\n\t\t\t\t<div class=\"col-inner\"  >\n\t\t\t\n\t\t\t\n\t<div class=\"img has-hover x md-x lg-x y md-y lg-y\" id=\"image_174249766\">\n\t\t\t\t\t\t\t\t<div class=\"img-inner image-cover dark\" style=\"padding-top:56.25%;\">\n\t\t\t<img loading=\"lazy\" decoding=\"async\" width=\"1000\" height=\"667\" src=\"https:\/\/osaava.fi\/wp-content\/uploads\/2021\/02\/Laakari.jpg\" class=\"attachment-original size-original\" alt=\"L\u00e4\u00e4k\u00e4ri, kuvituskuva\" srcset=\"https:\/\/osaava.fi\/wp-content\/uploads\/2021\/02\/Laakari.jpg 1000w, https:\/\/osaava.fi\/wp-content\/uploads\/2021\/02\/Laakari-300x200.jpg 300w, https:\/\/osaava.fi\/wp-content\/uploads\/2021\/02\/Laakari-768x512.jpg 768w\" sizes=\"auto, (max-width: 1000px) 100vw, 1000px\" \/>\t\t\t\t\t\t\n\t\t\t\t\t<\/div>\n\t\t\t\t\t\t\t\t\n<style>\n#image_174249766 {\n  width: 100%;\n}\n<\/style>\n\t<\/div>\n\t\n\t\t<\/div>\n\t\t\t\t\t<\/div>\n\n\t\n<\/div>\n<div class=\"row row-full-width align-middle\"  id=\"row-454818281\">\n\n\t<div id=\"col-1241808870\" class=\"col medium-12 large-6\"  >\n\t\t\t\t<div class=\"col-inner\"  >\n\t\t\t\n\t\t\t\n\t<div class=\"img has-hover x md-x lg-x y md-y lg-y\" id=\"image_1568596728\">\n\t\t\t\t\t\t\t\t<div class=\"img-inner image-cover dark\" style=\"padding-top:56.25%;\">\n\t\t\t<img loading=\"lazy\" decoding=\"async\" width=\"1000\" height=\"667\" src=\"https:\/\/osaava.fi\/wp-content\/uploads\/2021\/02\/AdobeStock_320331752.jpg\" class=\"attachment-original size-original\" alt=\"\" srcset=\"https:\/\/osaava.fi\/wp-content\/uploads\/2021\/02\/AdobeStock_320331752.jpg 1000w, https:\/\/osaava.fi\/wp-content\/uploads\/2021\/02\/AdobeStock_320331752-300x200.jpg 300w, https:\/\/osaava.fi\/wp-content\/uploads\/2021\/02\/AdobeStock_320331752-768x512.jpg 768w\" sizes=\"auto, (max-width: 1000px) 100vw, 1000px\" \/>\t\t\t\t\t\t\n\t\t\t\t\t<\/div>\n\t\t\t\t\t\t\t\t\n<style>\n#image_1568596728 {\n  width: 100%;\n}\n<\/style>\n\t<\/div>\n\t\n\t\t<\/div>\n\t\t\t\t\t<\/div>\n\n\t\n\n\t<div id=\"col-818359025\" class=\"col medium-12 large-6\"  >\n\t\t\t\t<div class=\"col-inner\"  >\n\t\t\t\n\t\t\t\n<h2 ><span class=\"h2-tagline\">Service providers<\/span><br \/>Secure moving workers<\/h2>\n<p style=\"text-align: left;\">People working alone, in alternating places and by varying timetables can be exposed to safety threats, which should be considered in planning of work safety. The workers should be able to alert quickly the right instances.\u00a0<\/p>\n<p style=\"text-align: left;\"><img loading=\"lazy\" decoding=\"async\" class=\"alignnone wp-image-1240\" src=\"https:\/\/osaava.fi\/wp-content\/uploads\/2020\/12\/Osaava_bullet.png\" alt=\"\" width=\"18\" height=\"13\" \/> security services<br \/><img loading=\"lazy\" decoding=\"async\" class=\"alignnone wp-image-1240\" src=\"https:\/\/osaava.fi\/wp-content\/uploads\/2020\/12\/Osaava_bullet.png\" alt=\"\" width=\"18\" height=\"13\" \/> maintenance and janitor services<br \/><img loading=\"lazy\" decoding=\"async\" class=\"alignnone wp-image-1240\" src=\"https:\/\/osaava.fi\/wp-content\/uploads\/2020\/12\/Osaava_bullet.png\" alt=\"\" width=\"18\" height=\"13\" \/> real-estate management<\/p>\n<a href=\"https:\/\/osaava.fi\/en\/customer-stories\/\" class=\"button primary hidden\" >\n\t\t<span>Learn more about our customers<\/span>\n\t<\/a>\n\n<a class=\"button primary hidden\" >\n\t\t<span>Add Any content here<\/span>\n\t<\/a>\n\n\t\t<\/div>\n\t\t\t\t\n<style>\n#col-818359025 > .col-inner {\n  padding: 0px 40px 0px 40px;\n}\n<\/style>\n\t<\/div>\n\n\t\n<\/div>\n<div class=\"row row-full-width align-middle\"  id=\"row-187488814\">\n\n\t<div id=\"col-58041222\" class=\"col medium-12 large-6\"  >\n\t\t\t\t<div class=\"col-inner text-right\"  >\n\t\t\t\n\t\t\t\n<h2 style=\"text-align: left;\"><span class=\"h2-tagline\">Companies and communities<\/span><br \/>Communicate confidentially within organization<\/h2>\n<p style=\"text-align: left;\">In crisis and other emergency situations, there is sometimes a need to deliver critical information between different departments and people. Via secured connection the confidential information can be sent exclusively to named recipients.<\/p>\n<a href=\"https:\/\/osaava.fi\/en\/customer-stories\/\" class=\"button primary hidden\" >\n\t\t<span>Learn more about our customers<\/span>\n\t<\/a>\n\n<a class=\"button primary hidden\" >\n\t\t<span>Add Any content here<\/span>\n\t<\/a>\n\n\t\t<\/div>\n\t\t\t\t\n<style>\n#col-58041222 > .col-inner {\n  padding: 0px 40px 0px 40px;\n}\n<\/style>\n\t<\/div>\n\n\t\n\n\t<div id=\"col-1826001897\" class=\"col medium-12 large-6 medium-col-first\"  >\n\t\t\t\t<div class=\"col-inner\"  >\n\t\t\t\n\t\t\t\n\t<div class=\"img has-hover x md-x lg-x y md-y lg-y\" id=\"image_577455112\">\n\t\t\t\t\t\t\t\t<div class=\"img-inner image-cover dark\" style=\"padding-top:56.25%;\">\n\t\t\t<img loading=\"lazy\" decoding=\"async\" width=\"1024\" height=\"576\" src=\"https:\/\/osaava.fi\/wp-content\/uploads\/2021\/02\/man-putting-up-eyeglasses-on-laptop-to-make-a-shor-EWC6ZYW_1024x576.jpg\" class=\"attachment-original size-original\" alt=\"\" srcset=\"https:\/\/osaava.fi\/wp-content\/uploads\/2021\/02\/man-putting-up-eyeglasses-on-laptop-to-make-a-shor-EWC6ZYW_1024x576.jpg 1024w, https:\/\/osaava.fi\/wp-content\/uploads\/2021\/02\/man-putting-up-eyeglasses-on-laptop-to-make-a-shor-EWC6ZYW_1024x576-300x169.jpg 300w, https:\/\/osaava.fi\/wp-content\/uploads\/2021\/02\/man-putting-up-eyeglasses-on-laptop-to-make-a-shor-EWC6ZYW_1024x576-768x432.jpg 768w\" sizes=\"auto, (max-width: 1024px) 100vw, 1024px\" \/>\t\t\t\t\t\t\n\t\t\t\t\t<\/div>\n\t\t\t\t\t\t\t\t\n<style>\n#image_577455112 {\n  width: 100%;\n}\n<\/style>\n\t<\/div>\n\t\n\t\t<\/div>\n\t\t\t\t\t<\/div>\n\n\t\n<\/div>\n\t<div id=\"gap-1396229821\" class=\"gap-element clearfix\" style=\"display:block; height:auto;\">\n\t\t\n<style>\n#gap-1396229821 {\n  padding-top: 60px;\n}\n<\/style>\n\t<\/div>\n\t\n<div class=\"row row-small align-center\"  id=\"row-2143688726\">\n\n\t<div id=\"col-584590252\" class=\"col small-12 large-12\"  >\n\t\t\t\t<div class=\"col-inner text-left\"  >\n\t\t\t\n\t\t\t\n\t<div id=\"text-3251573485\" class=\"text\">\n\t\t\n<h2><span style=\"color: #e14d43;\">Osaava CMP<\/span><\/h2>\n<p style=\"text-align: center;\">Watch the video to see how Osaava works in different situations.\u00a0<\/p>\n\t\t\n<style>\n#text-3251573485 {\n  text-align: center;\n}\n<\/style>\n\t<\/div>\n\t\n<div class=\"video video-fit mb\" style=\"padding-top:56.25%;\"><p><iframe loading=\"lazy\" title=\"Osaava CMP, communication management platform\" width=\"1020\" height=\"574\" src=\"https:\/\/www.youtube.com\/embed\/X96PCuFGmRw?feature=oembed\" frameborder=\"0\" allow=\"accelerometer; autoplay; clipboard-write; encrypted-media; gyroscope; picture-in-picture\" allowfullscreen><\/iframe><\/p>\n<\/div>\n\t<div id=\"gap-137482688\" class=\"gap-element clearfix\" style=\"display:block; height:auto;\">\n\t\t\n<style>\n#gap-137482688 {\n  padding-top: 30px;\n}\n<\/style>\n\t<\/div>\n\t\n<a href=\"\/wp-content\/uploads\/2020\/12\/Osaava_FinnSec2019_Leaflet_A4_LowRes.pdf\" target=\"_blank\" class=\"button primary is-outline hidden\" rel=\"noopener\" style=\"border-radius:10px;\">\n\t\t<span>LATAA ESITE<\/span>\n\t<i class=\"icon-checkmark\" aria-hidden=\"true\"><\/i><\/a>\n\n\t\t<\/div>\n\t\t\t\t\n<style>\n#col-584590252 > .col-inner {\n  padding: 0px 0px 0px 0px;\n}\n<\/style>\n\t<\/div>\n\n\t\n\n<style>\n#row-2143688726 > .col > .col-inner {\n  padding: 0px 15px 0px 15px;\n}\n<\/style>\n<\/div>\n\n\n","protected":false},"excerpt":{"rendered":"","protected":false},"author":1,"featured_media":0,"parent":0,"menu_order":0,"comment_status":"closed","ping_status":"closed","template":"page-transparent-header.php","meta":{"footnotes":""},"class_list":["post-2819","page","type-page","status-publish","hentry"],"_links":{"self":[{"href":"https:\/\/osaava.fi\/en\/wp-json\/wp\/v2\/pages\/2819","targetHints":{"allow":["GET"]}}],"collection":[{"href":"https:\/\/osaava.fi\/en\/wp-json\/wp\/v2\/pages"}],"about":[{"href":"https:\/\/osaava.fi\/en\/wp-json\/wp\/v2\/types\/page"}],"author":[{"embeddable":true,"href":"https:\/\/osaava.fi\/en\/wp-json\/wp\/v2\/users\/1"}],"replies":[{"embeddable":true,"href":"https:\/\/osaava.fi\/en\/wp-json\/wp\/v2\/comments?post=2819"}],"version-history":[{"count":13,"href":"https:\/\/osaava.fi\/en\/wp-json\/wp\/v2\/pages\/2819\/revisions"}],"predecessor-version":[{"id":4189,"href":"https:\/\/osaava.fi\/en\/wp-json\/wp\/v2\/pages\/2819\/revisions\/4189"}],"wp:attachment":[{"href":"https:\/\/osaava.fi\/en\/wp-json\/wp\/v2\/media?parent=2819"}],"curies":[{"name":"wp","href":"https:\/\/api.w.org\/{rel}","templated":true}]}}